{"id":26,"date":"2021-10-02T18:34:10","date_gmt":"2021-10-02T18:34:10","guid":{"rendered":"https:\/\/ampasanlucas.khn.es\/?page_id=26"},"modified":"2021-10-02T18:52:09","modified_gmt":"2021-10-02T18:52:09","slug":"actividades-extraescolares","status":"publish","type":"page","link":"https:\/\/ampasanlucas.khn.es\/?page_id=26","title":{"rendered":"Actividades Extraescolares"},"content":{"rendered":"\n<figure class=\"wp-block-image size-large\"><img loading=\"lazy\" decoding=\"async\" width=\"1024\" height=\"250\" src=\"https:\/\/ampasanlucas.khn.es\/wp-content\/uploads\/2021\/10\/Extraescolares-2021-2022_v3-1024x250.jpeg\" alt=\"\" class=\"wp-image-48\" srcset=\"https:\/\/ampasanlucas.khn.es\/wp-content\/uploads\/2021\/10\/Extraescolares-2021-2022_v3-1024x250.jpeg 1024w, https:\/\/ampasanlucas.khn.es\/wp-content\/uploads\/2021\/10\/Extraescolares-2021-2022_v3-300x73.jpeg 300w, https:\/\/ampasanlucas.khn.es\/wp-content\/uploads\/2021\/10\/Extraescolares-2021-2022_v3-768x188.jpeg 768w, https:\/\/ampasanlucas.khn.es\/wp-content\/uploads\/2021\/10\/Extraescolares-2021-2022_v3.jpeg 1044w\" sizes=\"auto, (max-width: 1024px) 100vw, 1024px\" \/><figcaption>Os presentamos las propuestas de actividades extraescolares del AMPA para el curso escolar 2021-2022<\/figcaption><\/figure>\n\n\n\n<p>Enlaces:<\/p>\n\n\n\n<ul class=\"wp-block-list\"><li><a href=\"https:\/\/drive.google.com\/file\/d\/1wRVW1a3CGKVwwM2-BnUk6n3pxyvqenfn\/view?usp=sharing\" target=\"_blank\" rel=\"noreferrer noopener\">Documento completo de la oferta<\/a><\/li><\/ul>\n\n\n\n<ul class=\"wp-block-list\"><li><a href=\"http:\/\/www.ampasanlucas.es\/actividades-extraescolares\/tarifas-actividades\" target=\"_blank\" rel=\"noreferrer noopener\">Tarifas de las actividades<\/a><\/li><\/ul>\n\n\n\n<ul class=\"wp-block-list\"><li><a href=\"https:\/\/forms.gle\/rDRRHyZX7sz3CqgW8\" target=\"_blank\" rel=\"noreferrer noopener\">Inscripci\u00f3n on line unificada para todas las actividades<\/a>&nbsp;<\/li><\/ul>\n\n\n\n<ul class=\"wp-block-list\"><li><a href=\"https:\/\/forms.gle\/t3fQkb6usHbUW9h5A\" target=\"_blank\" rel=\"noreferrer noopener\">Baja on line de actividades extraescolares<\/a>:&nbsp;para darte de baja de alguna actividad, deber\u00e1s hacerlo al menos 7 d\u00edas antes de que finalice el mes y ser\u00e1 efectivo el mes siguiente.<\/li><\/ul>\n\n\n\n<ul class=\"wp-block-list\"><li><a href=\"https:\/\/drive.google.com\/file\/d\/0B2sxpzGemiueSTJhaTEtTGpUUmtNOU9Ca3NuelVfaFRMem44\/view?usp=sharing\" target=\"_blank\" rel=\"noreferrer noopener\">Criterios y normativa sobre actividades extraescolares de nuestro colegio<\/a>: se comprometen a cumplir los criterios y normativas al inscribirse en alguna&nbsp;actividad en el centro<\/li><\/ul>\n\n\n\n<p>Las fichas de inscripci\u00f3n han de enviarse hasta el&nbsp;<em><strong>18 de septiembre<\/strong><\/em>&nbsp;y todas las actividades comenzar\u00e1n el&nbsp;<em>1 de Octubre<\/em>.&nbsp;Por organizaci\u00f3n de las actividades y del centro escolar, las inscripciones de los estudiantes que se reciban a partir del 18 de septiembre no podr\u00e1n comenzar la actividad hasta la segunda semana de octubre (salvo aquellas que deriven de que alguna actividad no salga finalmente por no alcanzar el n\u00famero m\u00ednimo de alumnos necesarios). Una vez comenzadas las actividades, los nuevos estudiantes que se inscriban a una actividad, comenzar\u00e1n una semana despu\u00e9s de la recepci\u00f3n de la inscripci\u00f3n.<\/p>\n\n\n\n<p>Las actividades y oferta se adaptar\u00e1 a las normativas que establezcan las autoridades competentes en cada momento.<\/p>\n","protected":false},"excerpt":{"rendered":"<p>Enlaces: Documento completo de la oferta Tarifas de las actividades Inscripci\u00f3n on line unificada para todas las actividades&nbsp; Baja on line de actividades extraescolares:&nbsp;para darte de baja de alguna actividad, deber\u00e1s hacerlo al menos 7 d\u00edas antes de que finalice &hellip; <\/p>\n","protected":false},"author":1,"featured_media":0,"parent":0,"menu_order":0,"comment_status":"closed","ping_status":"closed","template":"","meta":{"footnotes":""},"class_list":["post-26","page","type-page","status-publish","hentry"],"_links":{"self":[{"href":"https:\/\/ampasanlucas.khn.es\/index.php?rest_route=\/wp\/v2\/pages\/26","targetHints":{"allow":["GET"]}}],"collection":[{"href":"https:\/\/ampasanlucas.khn.es\/index.php?rest_route=\/wp\/v2\/pages"}],"about":[{"href":"https:\/\/ampasanlucas.khn.es\/index.php?rest_route=\/wp\/v2\/types\/page"}],"author":[{"embeddable":true,"href":"https:\/\/ampasanlucas.khn.es\/index.php?rest_route=\/wp\/v2\/users\/1"}],"replies":[{"embeddable":true,"href":"https:\/\/ampasanlucas.khn.es\/index.php?rest_route=%2Fwp%2Fv2%2Fcomments&post=26"}],"version-history":[{"count":2,"href":"https:\/\/ampasanlucas.khn.es\/index.php?rest_route=\/wp\/v2\/pages\/26\/revisions"}],"predecessor-version":[{"id":49,"href":"https:\/\/ampasanlucas.khn.es\/index.php?rest_route=\/wp\/v2\/pages\/26\/revisions\/49"}],"wp:attachment":[{"href":"https:\/\/ampasanlucas.khn.es\/index.php?rest_route=%2Fwp%2Fv2%2Fmedia&parent=26"}],"curies":[{"name":"wp","href":"https:\/\/api.w.org\/{rel}","templated":true}]}}