{"id":27,"date":"2021-10-02T18:34:10","date_gmt":"2021-10-02T18:34:10","guid":{"rendered":"https:\/\/ampasanlucas.khn.es\/?page_id=27"},"modified":"2021-10-02T18:58:31","modified_gmt":"2021-10-02T18:58:31","slug":"como-hacerme-socio","status":"publish","type":"page","link":"https:\/\/ampasanlucas.khn.es\/?page_id=27","title":{"rendered":"Como hacerme Socio"},"content":{"rendered":"\n<figure class=\"wp-block-image size-full is-resized\"><img loading=\"lazy\" decoding=\"async\" src=\"https:\/\/ampasanlucas.khn.es\/wp-content\/uploads\/2021\/10\/ampainformation.png\" alt=\"Sabes que hacemos\" class=\"wp-image-42\" width=\"838\" height=\"419\" srcset=\"https:\/\/ampasanlucas.khn.es\/wp-content\/uploads\/2021\/10\/ampainformation.png 632w, https:\/\/ampasanlucas.khn.es\/wp-content\/uploads\/2021\/10\/ampainformation-300x150.png 300w\" sizes=\"auto, (max-width: 838px) 100vw, 838px\" \/><figcaption>\u00bfSabes qu\u00e9 hacemos desde el AMPA por nuestros hijos?<\/figcaption><\/figure>\n\n\n\n<p>Os animamos a todos a que conozc\u00e1is nuestras actividades y proyectos curioseando por la web, y os invitamos a que particip\u00e9is con nosotros en lo que os venga mejor, de la mejor manera para todos. Con la aportaci\u00f3n de todos conseguimos colaborar en la educaci\u00f3n integral de nuestro hijos.<br>A\u00a0finales de Marzo o Abril, antes del periodo de matriculaci\u00f3n, el centro realizada una\u00a0<strong>j<u>ornada de puertas abiertas<\/u><\/strong>, que consiste en una reuni\u00f3n informativa sobre el centro y su proyecto. Os invitamos a asistir a todos.<br>Si est\u00e1s interesado en hacerte socio, debes rellenar este formulario y enviar el justificante de pago a info@ampasanlucas.es (transferencia de 27\u20ac a la cuenta del AMPA del CEIP San Lucas: ES29 2085 8105 2203 3013 5543 indicando ALTA SOCIA + APELLIDOS FAMILIA)<\/p>\n\n\n\n<p><a rel=\"noreferrer noopener\" href=\"https:\/\/forms.gle\/N9XNCMkE2dwfBKCw8\" target=\"_blank\"><strong>Hoja Inscripci\u00f3n Socio (incluye protecci\u00f3n de datos)<\/strong><\/a><\/p>\n\n\n\n<p><strong>\u00bfCu\u00e1ndo puedo hacerme socio?&nbsp;<\/strong><\/p>\n\n\n\n<p>Puede asociarse en cualquier&nbsp;momento del curso escolar. No es obligatorio aunque es una oportunidad de participar de la vida escolar de los peque\u00f1os. Se renueva anualmente de forma autom\u00e1tica, salvo petici\u00f3n expresa por parte de los socios<\/p>\n\n\n\n<p><strong>\u00bfEs necesario ser socio&nbsp;para hacer actividades extraescolares?<\/strong><strong><\/strong><strong><a href=\"http:\/\/www.ampasanlucas.es\/nuevos-alumnos-1\/0002-5096839548.png?attredirects=0\"><\/a><br><\/strong>No, aunque es m\u00e1s ventajoso econ\u00f3micamente y hay m\u00e1s cauces para opinar, sugerir y estar informado.<\/p>\n\n\n\n<p><strong>\u00bfA qu\u00e9 estoy obligado?&nbsp;<\/strong><\/p>\n\n\n\n<p>Se paga una cuota anual, por familia.<br>La asociaci\u00f3n es de todos los asociados.<br>Tienes derecho a estar informado sobre todas sus actividades, a elegir a los miembros de la junta directiva, a participar y a opinar.&nbsp;Existen distintos medios de mantenerse informado: la web, correo electr\u00f3nico, tabl\u00f3n de anuncios, las asambleas&#8230;<br><strong>\u00bfCu\u00e1ndo puedo contactar con&nbsp;AMPA?<\/strong><\/p>\n\n\n\n<p>Puedes contactar a trav\u00e9s del email:&nbsp;&nbsp;<a href=\"mailto:info@ampasanlucas.es\">info@ampasanlucas.es<\/a><br>De ordinario, la caseta no tiene atenci\u00f3n presencial, aunque procuramos abrirla algunos d\u00edas al principio de curso.A primeros de septiembre el Colegio organiza una reuni\u00f3n para los nuevos alumnos a la que asistimos alg\u00fan representante de la asociaci\u00f3n.<\/p>\n\n\n\n<p><strong>Primeros del Cole&nbsp;<\/strong><\/p>\n\n\n\n<p>El Colegio organiza el servicio de \u00abPrimeros del Cole\u00bb para aquellos ni\u00f1os que necesitan entrar en el Colegio antes de las 9:00&nbsp;Para m\u00e1s informaci\u00f3n sobre tarifas y condiciones, por favor, dirigiros al Colegio.<\/p>\n\n\n\n<p><strong>Jornada intensiva en&nbsp;Septiembre y&nbsp;Junio<\/strong><\/p>\n\n\n\n<p>En septiembre y en junio el Colegio tiene un horario especial de 9:00 a 13:00.&nbsp;El comedor es de 13:00 a 15:00.Para todos&nbsp;los que lo&nbsp;necesiten, AMPA organiza las \u00ab<strong>Tardes de Septiembre<\/strong>\u00bb y&nbsp;las \u00ab<strong>Tardes de Junio<\/strong>\u00ab.Se trata b\u00e1sicamente de un servicio de ampliaci\u00f3n del horario escolar.&nbsp;<br><strong>Actividades Extraescolares<\/strong><\/p>\n\n\n\n<p>Lo normal es que la oferta sea muy parecida a la del curso anterior, aunque siempre puede aparecer alguna actividad nueva.La mayor\u00eda de las actividades van&nbsp;de octubre a mayo (en Septiembre se organizan las \u00abTardes de Septiembre\u00bb y en Junio las \u00abTardes de Junio\u00bb), aunque alguna se prolonga hasta&nbsp;junio.<br>El proceso de inscripci\u00f3n suele ser&nbsp;a principio de curso, de modo que durante los \u00faltimos d\u00edas del mes de septiembre salen las listas definitivas de cada una de las actividades ofrecidas.<\/p>\n\n\n\n<p>Para acceder a estas actividades existen dos opciones: ser socio de la AMPA o pagando matr\u00edcula por actividad y ni\u00f1o\/a.<br>La compatibilidad de horarios entre las distintas actividades no siempre se puede asegurar, aunque hay actividades que facilitan la coordinaci\u00f3n al tener grupos tanto de L-X como de M-J.&nbsp;<br>Ten\u00e9is m\u00e1s informaci\u00f3n&nbsp;<a href=\"http:\/\/www.ampasanlucas.es\/actividades-extraescolares\" target=\"_blank\" rel=\"noreferrer noopener\">aqu\u00ed<\/a>.<br><strong>\u00bfY si quiero darme de baja de la asociaci\u00f3n?&nbsp;<\/strong><\/p>\n\n\n\n<p>Nos da mucha pena, pero para darte de baja, puedes hacerlo rellenando el siguiente&nbsp;<a href=\"https:\/\/forms.gle\/VstufP4YtLjfBELN7\" target=\"_blank\" rel=\"noreferrer noopener\">formulario de baja<\/a><\/p>\n","protected":false},"excerpt":{"rendered":"<p>Os animamos a todos a que conozc\u00e1is nuestras actividades y proyectos curioseando por la web, y os invitamos a que particip\u00e9is con nosotros en lo que os venga mejor, de la mejor manera para todos. Con la aportaci\u00f3n de todos &hellip; <\/p>\n","protected":false},"author":1,"featured_media":0,"parent":0,"menu_order":0,"comment_status":"closed","ping_status":"closed","template":"","meta":{"footnotes":""},"class_list":["post-27","page","type-page","status-publish","hentry"],"_links":{"self":[{"href":"https:\/\/ampasanlucas.khn.es\/index.php?rest_route=\/wp\/v2\/pages\/27","targetHints":{"allow":["GET"]}}],"collection":[{"href":"https:\/\/ampasanlucas.khn.es\/index.php?rest_route=\/wp\/v2\/pages"}],"about":[{"href":"https:\/\/ampasanlucas.khn.es\/index.php?rest_route=\/wp\/v2\/types\/page"}],"author":[{"embeddable":true,"href":"https:\/\/ampasanlucas.khn.es\/index.php?rest_route=\/wp\/v2\/users\/1"}],"replies":[{"embeddable":true,"href":"https:\/\/ampasanlucas.khn.es\/index.php?rest_route=%2Fwp%2Fv2%2Fcomments&post=27"}],"version-history":[{"count":3,"href":"https:\/\/ampasanlucas.khn.es\/index.php?rest_route=\/wp\/v2\/pages\/27\/revisions"}],"predecessor-version":[{"id":183,"href":"https:\/\/ampasanlucas.khn.es\/index.php?rest_route=\/wp\/v2\/pages\/27\/revisions\/183"}],"wp:attachment":[{"href":"https:\/\/ampasanlucas.khn.es\/index.php?rest_route=%2Fwp%2Fv2%2Fmedia&parent=27"}],"curies":[{"name":"wp","href":"https:\/\/api.w.org\/{rel}","templated":true}]}}