{"id":30,"date":"2021-10-02T18:34:10","date_gmt":"2021-10-02T18:34:10","guid":{"rendered":"https:\/\/ampasanlucas.khn.es\/?page_id=30"},"modified":"2021-11-03T17:24:52","modified_gmt":"2021-11-03T17:24:52","slug":"estatutos","status":"publish","type":"page","link":"https:\/\/ampasanlucas.khn.es\/?page_id=30","title":{"rendered":"Estatutos"},"content":{"rendered":"\n<p><strong>\u00bfQu\u00e9 es el Consejo Escolar?<\/strong><\/p>\n\n\n\n<ul class=\"wp-block-list\"><li>El&nbsp;<strong>Consejo Escolar<\/strong>&nbsp;es el \u00f3rgano de participaci\u00f3n de los diferentes miembros de la Comunidad Educativa en el gobierno del Colegio. Algunos ejemplos concretos que pueden decidirse en el consejo escolar: solicitud de cambio del horario escolar (de jornada actual a continua), solicitud del biling\u00fcismo, realizaci\u00f3n y normas de actividades extraescolares, programaci\u00f3n general anual del centro.<\/li><\/ul>\n\n\n\n<p><strong>\u00bfPor qu\u00e9 participar?<\/strong><\/p>\n\n\n\n<ul class=\"wp-block-list\"><li>Porque es importante que las familias participen de la vida escolar de sus hijos enriqueciendo y opinando sobre las decisiones que afectan al d\u00eda a d\u00eda del Centro, y siguiendo los cauces previstos para ello.<\/li><li>Porque es positivo que existan distintas candidaturas para que los padres elijan la mejor opci\u00f3n de ser representados. Es decir, se puede dar el caso de que haya un padre elegido con tan s\u00f3lo su propio voto, o incluso plazas que queden sin cubrir. Es interesante que los padres sean de diferentes cursos o ciclos educativos.<\/li><\/ul>\n\n\n\n<ul class=\"wp-block-list\"><li>Es una forma de enterarse e influir en muchas facetas de la vida del Colegio.<\/li><li>A continuaci\u00f3n pod\u00e9is ver m\u00e1s informaci\u00f3n del anterior proceso.<\/li><\/ul>\n\n\n\n<p><strong>\u00bfSon necesarias muchas personas?<\/strong><\/p>\n\n\n\n<ul class=\"wp-block-list\"><li>Cada 2 a\u00f1os se eligen a 2 padres\/madres. Es decir, el Consejo Escolar se renueva parcialmente cada 2 a\u00f1os. De los 5 miembros que lo componen por parte de los padres, uno es designado por el AMPA, &nbsp;2 tienen continuidad y 2 son de nueva elecci\u00f3n.<\/li><li>En caso de quedar candidatos sin puesto, pasan a quedar \u201cen reserva\u201d de forma que sustituyen las posibles bajas. Por esta raz\u00f3n, es importante que haya al menos 4-5 candidatos. Si no, los puestos quedar\u00edan sin cubrir.<\/li><\/ul>\n\n\n\n<p><strong>\u00bfC\u00f3mo puedo presentarme para ser candidato?<\/strong><\/p>\n\n\n\n<ul class=\"wp-block-list\"><li>Si eres padre\/madre\/tutor de alumno del centro y est\u00e1s interesado en ser candidato para participar de forma activa en el CONSEJO ESCOLAR, dentro del periodo electoral debes recoger el impreso en Conserjer\u00eda y\/o Secretar\u00eda del Centro y entregarlo cumplimentado en la Secretar\u00eda del centro. No hace falta ser del AMPA. Cons\u00faltanos, te ayudamos a hacerlo. Desde la AMPA presentaremos a todos los candidatos de modo conjunto, para que sean conocidos por las familias.<\/li><\/ul>\n\n\n\n<p><strong>\u00bfTendr\u00e9 tiempo?<\/strong><\/p>\n\n\n\n<ul class=\"wp-block-list\"><li>El Consejo Escolar no requiere una dedicaci\u00f3n importante, \u00fanicamente se re\u00fane 4 o 5 veces al a\u00f1o. El horario de las reuniones se decide en el primer Consejo Escolar del a\u00f1o, siendo habitual que se alternen las reuniones en horario de ma\u00f1ana y de tarde. Hist\u00f3ricamente, los representantes de Padres compatibilizan su participaci\u00f3n en el Consejo con su vida laboral, casi siempre a tiempo completo, y personal, lo cual implica, en ocasiones, no poder asistir a alguna reuni\u00f3n.<\/li><\/ul>\n\n\n\n<p><strong>ES MUY IMPORTANTE ESTAR REPRESENTADOS EN EL CONSEJO ESCOLAR<br>\u00a1\u00a1\u00a1 Entre todos hacemos un centro educativo mejor!!!<br><br>Gracias a todos por participar<\/strong><\/p>\n","protected":false},"excerpt":{"rendered":"<p>\u00bfQu\u00e9 es el Consejo Escolar? El&nbsp;Consejo Escolar&nbsp;es el \u00f3rgano de participaci\u00f3n de los diferentes miembros de la Comunidad Educativa en el gobierno del Colegio. Algunos ejemplos concretos que pueden decidirse en el consejo escolar: solicitud de cambio del horario escolar &hellip; <\/p>\n","protected":false},"author":1,"featured_media":0,"parent":0,"menu_order":0,"comment_status":"closed","ping_status":"closed","template":"","meta":{"footnotes":""},"class_list":["post-30","page","type-page","status-publish","hentry"],"_links":{"self":[{"href":"https:\/\/ampasanlucas.khn.es\/index.php?rest_route=\/wp\/v2\/pages\/30","targetHints":{"allow":["GET"]}}],"collection":[{"href":"https:\/\/ampasanlucas.khn.es\/index.php?rest_route=\/wp\/v2\/pages"}],"about":[{"href":"https:\/\/ampasanlucas.khn.es\/index.php?rest_route=\/wp\/v2\/types\/page"}],"author":[{"embeddable":true,"href":"https:\/\/ampasanlucas.khn.es\/index.php?rest_route=\/wp\/v2\/users\/1"}],"replies":[{"embeddable":true,"href":"https:\/\/ampasanlucas.khn.es\/index.php?rest_route=%2Fwp%2Fv2%2Fcomments&post=30"}],"version-history":[{"count":2,"href":"https:\/\/ampasanlucas.khn.es\/index.php?rest_route=\/wp\/v2\/pages\/30\/revisions"}],"predecessor-version":[{"id":53,"href":"https:\/\/ampasanlucas.khn.es\/index.php?rest_route=\/wp\/v2\/pages\/30\/revisions\/53"}],"wp:attachment":[{"href":"https:\/\/ampasanlucas.khn.es\/index.php?rest_route=%2Fwp%2Fv2%2Fmedia&parent=30"}],"curies":[{"name":"wp","href":"https:\/\/api.w.org\/{rel}","templated":true}]}}