{"id":6,"date":"2021-10-02T18:20:35","date_gmt":"2021-10-02T18:20:35","guid":{"rendered":"https:\/\/ampasanlucas.khn.es\/?page_id=6"},"modified":"2021-10-02T18:46:33","modified_gmt":"2021-10-02T18:46:33","slug":"acerca-de","status":"publish","type":"page","link":"https:\/\/ampasanlucas.khn.es\/?page_id=6","title":{"rendered":"Quienes somos"},"content":{"rendered":"\n<p><strong>Hola&nbsp;a tod@s!!<\/strong><\/p>\n\n\n\n<p>A continuaci\u00f3n ten\u00e9is los nombres de la actual Junta Directiva:<\/p>\n\n\n\n<h3 class=\"wp-block-heading\"><strong>Presidenta<\/strong>:\u00a0\u00a0 \u00a0\u00a0\u00a0 \u00a0\u00a0\u00a0 \u00a0\u00a0\u00a0 \u00a0\u00a0  Raquel Senent Sansegundo\u00a0<\/h3>\n\n\n\n<h3 class=\"wp-block-heading\"><strong>Vicepresidenta<\/strong>:\u00a0\u00a0 \u00a0\u00a0\u00a0 \u00a0\u00a0 \u00a0\u00a0Laura Garcia Barquilla\u00a0<\/h3>\n\n\n\n<h3 class=\"wp-block-heading\"><strong>Secretaria<\/strong>:\u00a0 \u00a0 \u00a0 \u00a0 \u00a0 \u00a0 \u00a0 \u00a0 \u00a0 \u00a0Mercedes Dominguez Nu\u00f1ez\u00a0<\/h3>\n\n\n\n<h3 class=\"wp-block-heading\"><strong>Tesorera<\/strong>:\u00a0 \u00a0 \u00a0 \u00a0 \u00a0 \u00a0 \u00a0 \u00a0 \u00a0 \u00a0 \u00a0 Vanesa Diez Quesada<\/h3>\n\n\n\n<h3 class=\"wp-block-heading\">\u00a0<strong>Vocales<\/strong>:\u00a0 \u00a0 \u00a0 \u00a0 \u00a0 \u00a0 \u00a0 \u00a0 \u00a0 \u00a0 \u00a0 \u00a0Sandra Lorena Toro<\/h3>\n\n\n\n<p>Estamos a disposici\u00f3n de todos vosotros, padres y madres del cole, y aunque disponemos de poco tiempo para hacerlo bien, tenemos much\u00edsimas ganas para intentarlo, y si adem\u00e1s contamos con vuestra ayuda (por peque\u00f1a que sea), todo ser\u00e1 m\u00e1s f\u00e1cil, as\u00ed que bienvenidas sean vuestras ideas, vuestra participaci\u00f3n y colaboraci\u00f3n!!<\/p>\n\n\n\n<p>Queremos continuar con el excelente trabajo desarrollado por la Junta anterior, teniendo la suerte de contar con su apoyo.<br>Es nuestro deseo colaborar con todos aquellos que intervienen en la educaci\u00f3n de nuestros hijos, con la Direcci\u00f3n del Colegio San Lucas, con las profesoras, con la&nbsp;Concejalia&nbsp;de Educaci\u00f3n del Ayuntamiento y con las empresas proveedoras de las actividades Extraescolares.&nbsp;<\/p>\n\n\n\n<figure class=\"wp-block-table\"><table><tbody><tr><td><br><strong>AMPA<\/strong>, son las siglas de&nbsp;<strong>Asociaci\u00f3n de Madres y Padres del Alumnado<\/strong>&nbsp;del CEIP San LucasEs decir, somos unas familias que queremos aportar nuestro granito de arena&nbsp;<strong>participando y colaborando<\/strong>&nbsp;junto a la direcci\u00f3n del centro, en la vida escolar de nuestros hijos<br><strong>\u00bfQu\u00e9 hacemos?<\/strong><a href=\"http:\/\/www.ampasanlucas.es\/nuevos-alumnos-1\" target=\"_blank\" rel=\"noreferrer noopener\"><\/a>Representamos a la asociaci\u00f3n en el Consejo EscolarImpulsamos el proyecto de conversaci\u00f3n de ingl\u00e9sOrganizamos las actividades extraescolaresBuscamos la conciliaci\u00f3n de la vida laboral con ludoteca y actividades en d\u00edas no lectivosInformamos a las familiasParticipamos en actividades del Centro: Chocolatada, casta\u00f1ada, carnaval, semana cultural\u2026Los cargos se&nbsp;<strong>renuevan<\/strong>&nbsp;cada dos a\u00f1os&nbsp;Se puede presentar cualquier&nbsp;<strong>candidato<\/strong>&nbsp;que pertenezca a la asociaci\u00f3n.Independientemente a pertenecer a la Junta directiva se puede&nbsp;<strong>colaborar espor\u00e1dicamente o de forma continua<\/strong>.<strong>\u00bfC\u00f3mo funcionamos?<\/strong>C\u00f3mo m\u00ednimo se celebran 1 o 2&nbsp;<strong>asambleas&nbsp;<\/strong>al a\u00f1o. Previamente se anuncian los puntos a tratar.&nbsp;Es una forma de conocer con m\u00e1s detalle la vida escolar del centro de nuestros peques.&nbsp;Se suelen hacer los viernes, al finalizar el cole.Normalmente las&nbsp;<strong>comunicaciones a las familias<\/strong>&nbsp;se hacen de dos formas: a trav\u00e9s de correo electr\u00f3nico y a trav\u00e9s de circulares que se entregan desde las aulas.&nbsp;Estas \u00faltimas van dirigidas a todas las familias.<strong>Saber m\u00e1s:<\/strong>Para colaborar o compartir alguna&nbsp;<strong>idea, sugerencia, o mejora<\/strong>, puedes escribirnos a&nbsp;<strong><a href=\"mailto:info@ampasanlucas.es\">info@ampasanlucas.es<\/a><\/strong>Puedes adem\u00e1s visitar nuestra&nbsp;<strong>p\u00e1gina de Facebook:&nbsp;<\/strong><strong>&nbsp;<a href=\"https:\/\/es-es.facebook.com\/pages\/AMPA-CEIP-SAN-LUCAS\/1415190898737112\" target=\"_blank\" rel=\"noreferrer noopener\">https:\/\/es-es.facebook.com\/pages\/AMPA-CEIP-SAN-LUCAS\/1415190898737112<\/a><\/strong>&nbsp;&nbsp;donde pod\u00e9is ver toda la informaci\u00f3n actualizada, e intercambiar opiniones.La entrada a la&nbsp;<strong>caseta de informaci\u00f3n<\/strong>&nbsp;del AMPA est\u00e1 situada en la parte trasera del Colegio, por la calle Colmenarejo.&nbsp;Habitualmente est\u00e1 cerrada. Generalmente se abre alg\u00fan d\u00eda a principio de curso, avisando previamente de los d\u00edas y los horarios.<a href=\"http:\/\/www.ampasanlucas.es\/nuevos-alumnos-1\" target=\"_blank\" rel=\"noreferrer noopener\">https:\/\/sites.google.com\/a\/ampasanlucas.es\/main\/nuevos-alumnos-1<\/a><\/td><\/tr><\/tbody><\/table><\/figure>\n","protected":false},"excerpt":{"rendered":"<p>Hola&nbsp;a tod@s!! A continuaci\u00f3n ten\u00e9is los nombres de la actual Junta Directiva: Presidenta:\u00a0\u00a0 \u00a0\u00a0\u00a0 \u00a0\u00a0\u00a0 \u00a0\u00a0\u00a0 \u00a0\u00a0 Raquel Senent Sansegundo\u00a0 Vicepresidenta:\u00a0\u00a0 \u00a0\u00a0\u00a0 \u00a0\u00a0 \u00a0\u00a0Laura Garcia Barquilla\u00a0 Secretaria:\u00a0 \u00a0 \u00a0 \u00a0 \u00a0 \u00a0 \u00a0 \u00a0 \u00a0 \u00a0Mercedes Dominguez Nu\u00f1ez\u00a0 Tesorera:\u00a0 \u00a0 &hellip; <\/p>\n","protected":false},"author":1,"featured_media":0,"parent":0,"menu_order":0,"comment_status":"closed","ping_status":"closed","template":"","meta":{"footnotes":""},"class_list":["post-6","page","type-page","status-publish","hentry"],"_links":{"self":[{"href":"https:\/\/ampasanlucas.khn.es\/index.php?rest_route=\/wp\/v2\/pages\/6","targetHints":{"allow":["GET"]}}],"collection":[{"href":"https:\/\/ampasanlucas.khn.es\/index.php?rest_route=\/wp\/v2\/pages"}],"about":[{"href":"https:\/\/ampasanlucas.khn.es\/index.php?rest_route=\/wp\/v2\/types\/page"}],"author":[{"embeddable":true,"href":"https:\/\/ampasanlucas.khn.es\/index.php?rest_route=\/wp\/v2\/users\/1"}],"replies":[{"embeddable":true,"href":"https:\/\/ampasanlucas.khn.es\/index.php?rest_route=%2Fwp%2Fv2%2Fcomments&post=6"}],"version-history":[{"count":3,"href":"https:\/\/ampasanlucas.khn.es\/index.php?rest_route=\/wp\/v2\/pages\/6\/revisions"}],"predecessor-version":[{"id":46,"href":"https:\/\/ampasanlucas.khn.es\/index.php?rest_route=\/wp\/v2\/pages\/6\/revisions\/46"}],"wp:attachment":[{"href":"https:\/\/ampasanlucas.khn.es\/index.php?rest_route=%2Fwp%2Fv2%2Fmedia&parent=6"}],"curies":[{"name":"wp","href":"https:\/\/api.w.org\/{rel}","templated":true}]}}